{"id":9,"date":"2015-06-08T17:00:13","date_gmt":"2015-06-08T14:00:13","guid":{"rendered":"http:\/\/hankkeet.kuntoutussaatio.fi\/koulutus\/?page_id=9"},"modified":"2015-10-08T14:29:31","modified_gmt":"2015-10-08T11:29:31","slug":"kerro","status":"publish","type":"page","link":"https:\/\/hankkeet.kuntoutussaatio.fi\/koulutus\/kerro\/","title":{"rendered":"Kerro!"},"content":{"rendered":"<p>Jaa hyv\u00e4t kokemukset ja toimintamallit. L\u00e4het\u00e4 tietoa ja kokemuksia julkaistavaksi sivustollamme.<\/p>\n<div role=\"form\" class=\"wpcf7\" id=\"wpcf7-f89-o1\" lang=\"fi\" dir=\"ltr\">\n<div class=\"screen-reader-response\"><\/div>\n<form action=\"\/koulutus\/wp-json\/wp\/v2\/pages\/9#wpcf7-f89-o1\" method=\"post\" class=\"wpcf7-form\" novalidate=\"novalidate\">\n<div style=\"display: none;\">\n<input type=\"hidden\" name=\"_wpcf7\" value=\"89\" \/>\n<input type=\"hidden\" name=\"_wpcf7_version\" value=\"5.1.6\" \/>\n<input type=\"hidden\" name=\"_wpcf7_locale\" value=\"fi\" \/>\n<input type=\"hidden\" name=\"_wpcf7_unit_tag\" value=\"wpcf7-f89-o1\" \/>\n<input type=\"hidden\" name=\"_wpcf7_container_post\" value=\"0\" \/>\n<\/div>\n<p>Nimi (pakollinen)<br \/>\n    <span class=\"wpcf7-form-control-wrap your-name\"><input type=\"text\" name=\"your-name\" value=\"\" size=\"40\" class=\"wpcf7-form-control wpcf7-text wpcf7-validates-as-required\" aria-required=\"true\" aria-invalid=\"false\" \/><\/span> <\/p>\n<p>S\u00e4hk\u00f6posti (pakollinen)<br \/>\n    <span class=\"wpcf7-form-control-wrap your-email\"><input type=\"email\" name=\"your-email\" value=\"\" size=\"40\" class=\"wpcf7-form-control wpcf7-text wpcf7-email wpcf7-validates-as-required wpcf7-validates-as-email\" aria-required=\"true\" aria-invalid=\"false\" \/><\/span> <\/p>\n<p>Kerro hyvist\u00e4 kokemuksista ja toimintamalleista<br \/>\n    <span class=\"wpcf7-form-control-wrap your-message\"><textarea name=\"your-message\" cols=\"40\" rows=\"10\" class=\"wpcf7-form-control wpcf7-textarea\" aria-invalid=\"false\"><\/textarea><\/span> <\/p>\n<p><input type=\"submit\" value=\"L\u00e4het\u00e4\" class=\"wpcf7-form-control wpcf7-submit\" \/><\/p>\n<div class=\"wpcf7-response-output wpcf7-display-none\"><\/div><\/form><\/div>\n<p>L\u00f6yd\u00e4t Tempon my\u00f6s facebookista!<br \/>\n<strong><span style=\"color: #0000ff\"><a style=\"color: #0000ff\" href=\"https:\/\/www.facebook.com\/tempohanke\" target=\"_blank\">K\u00e4y tykk\u00e4\u00e4m\u00e4ss\u00e4<\/a><\/span><\/strong><\/p>\n","protected":false},"excerpt":{"rendered":"<p class=\"excerpt\">Jaa hyv\u00e4t kokemukset ja toimintamallit. L\u00e4het\u00e4 tietoa ja kokemuksia julkaistavaksi sivustollamme. L\u00f6yd\u00e4t Tempon my\u00f6s facebookista! K\u00e4y tykk\u00e4\u00e4m\u00e4ss\u00e4<\/p>\n","protected":false},"author":1,"featured_media":0,"parent":0,"menu_order":0,"comment_status":"open","ping_status":"open","template":"","meta":[],"_links":{"self":[{"href":"https:\/\/hankkeet.kuntoutussaatio.fi\/koulutus\/wp-json\/wp\/v2\/pages\/9"}],"collection":[{"href":"https:\/\/hankkeet.kuntoutussaatio.fi\/koulutus\/wp-json\/wp\/v2\/pages"}],"about":[{"href":"https:\/\/hankkeet.kuntoutussaatio.fi\/koulutus\/wp-json\/wp\/v2\/types\/page"}],"author":[{"embeddable":true,"href":"https:\/\/hankkeet.kuntoutussaatio.fi\/koulutus\/wp-json\/wp\/v2\/users\/1"}],"replies":[{"embeddable":true,"href":"https:\/\/hankkeet.kuntoutussaatio.fi\/koulutus\/wp-json\/wp\/v2\/comments?post=9"}],"version-history":[{"count":2,"href":"https:\/\/hankkeet.kuntoutussaatio.fi\/koulutus\/wp-json\/wp\/v2\/pages\/9\/revisions"}],"predecessor-version":[{"id":158,"href":"https:\/\/hankkeet.kuntoutussaatio.fi\/koulutus\/wp-json\/wp\/v2\/pages\/9\/revisions\/158"}],"wp:attachment":[{"href":"https:\/\/hankkeet.kuntoutussaatio.fi\/koulutus\/wp-json\/wp\/v2\/media?parent=9"}],"curies":[{"name":"wp","href":"https:\/\/api.w.org\/{rel}","templated":true}]}}