{"id":1,"date":"2015-05-28T09:38:22","date_gmt":"2015-05-28T09:38:22","guid":{"rendered":"http:\/\/dev.redland.fi\/kuntoutussaatio\/?page_id=1"},"modified":"2016-08-18T09:07:27","modified_gmt":"2016-08-18T06:07:27","slug":"etusivu","status":"publish","type":"page","link":"https:\/\/hankkeet.kuntoutussaatio.fi\/liikuntajaosallisuus\/","title":{"rendered":"Vamma tai sairaus ei saa olla este liikkumisen ja osallisuuden kokemisen ilolle"},"content":{"rendered":"<p><strong>Soveltavalla liikunnalla<\/strong> tarkoitetaan vamman, sairauden tai toimintakyvyn heikkenemisen vuoksi soveltamista ja erityisosaamista tarvitsevien henkil\u00f6iden liikuntaa. Soveltavaa liikuntaa tarvitsee noin miljoonaa suomalaista.<\/p>\n<p>Erityistukea liikkumiseensa tarvitsevat henkil\u00f6t harrastavat liikuntaa muuta v\u00e4est\u00f6\u00e4 v\u00e4hemm\u00e4n. Soveltavan liikunnan edist\u00e4minen vaatii huomion kiinnitt\u00e4mist\u00e4 esteett\u00f6m\u00e4\u00e4n ymp\u00e4rist\u00f6\u00f6n, tukipalveluihin (kuten kuljetus- tai avustajapalvelut), apuv\u00e4lineiden saatavuuteen, toimintatapoihin ja asenneilmapiiriin.<\/p>\n<p>Liikunta tuo erilaisia ihmisi\u00e4 yhteen. Liikuntaa edist\u00e4m\u00e4ll\u00e4 voidaan vaikuttaa positiivisesti fyysisen toimintakyvyn lis\u00e4ksi sosiaalisiin suhteisiin, yhteis\u00f6llisyyden kokemiseen, sosiaaliseen p\u00e4\u00e4omaan ja osallisuuteen.<strong> Osallisuudella<\/strong> tarkoitetaan yleisimmin kuulumista johonkin yhteis\u00f6\u00f6n ja sen tavoitteita ovat muun muassa osallistumisen, el\u00e4m\u00e4nhallinnan ja vaikuttamismahdollisuuksien edist\u00e4minen.<\/p>\n<p>Inhimillisten n\u00e4k\u00f6kulmien lis\u00e4ksi soveltavan liikunnan edist\u00e4minen on kustannuskysymys. Liikkumattomuus aiheuttaa Suomessa arviolta 250 miljoonan euron kustannukset terveydenhuollolle vuosittain.<\/p>\n","protected":false},"excerpt":{"rendered":"<p class=\"excerpt\">Soveltavalla liikunnalla tarkoitetaan vamman, sairauden tai toimintakyvyn heikkenemisen vuoksi soveltamista ja erityisosaamista tarvitsevien henkil\u00f6iden liikuntaa. Soveltavaa liikuntaa tarvitsee noin miljoonaa suomalaista. Erityistukea liikkumiseensa tarvitsevat henkil\u00f6t harrastavat liikuntaa muuta v\u00e4est\u00f6\u00e4 v\u00e4hemm\u00e4n. Soveltavan liikunnan edist\u00e4minen vaatii huomion kiinnitt\u00e4mist\u00e4 esteett\u00f6m\u00e4\u00e4n ymp\u00e4rist\u00f6\u00f6n, tukipalveluihin (kuten [&hellip;]<\/p>\n","protected":false},"author":1,"featured_media":0,"parent":0,"menu_order":0,"comment_status":"open","ping_status":"open","template":"","meta":[],"_links":{"self":[{"href":"https:\/\/hankkeet.kuntoutussaatio.fi\/liikuntajaosallisuus\/wp-json\/wp\/v2\/pages\/1"}],"collection":[{"href":"https:\/\/hankkeet.kuntoutussaatio.fi\/liikuntajaosallisuus\/wp-json\/wp\/v2\/pages"}],"about":[{"href":"https:\/\/hankkeet.kuntoutussaatio.fi\/liikuntajaosallisuus\/wp-json\/wp\/v2\/types\/page"}],"author":[{"embeddable":true,"href":"https:\/\/hankkeet.kuntoutussaatio.fi\/liikuntajaosallisuus\/wp-json\/wp\/v2\/users\/1"}],"replies":[{"embeddable":true,"href":"https:\/\/hankkeet.kuntoutussaatio.fi\/liikuntajaosallisuus\/wp-json\/wp\/v2\/comments?post=1"}],"version-history":[{"count":2,"href":"https:\/\/hankkeet.kuntoutussaatio.fi\/liikuntajaosallisuus\/wp-json\/wp\/v2\/pages\/1\/revisions"}],"predecessor-version":[{"id":524,"href":"https:\/\/hankkeet.kuntoutussaatio.fi\/liikuntajaosallisuus\/wp-json\/wp\/v2\/pages\/1\/revisions\/524"}],"wp:attachment":[{"href":"https:\/\/hankkeet.kuntoutussaatio.fi\/liikuntajaosallisuus\/wp-json\/wp\/v2\/media?parent=1"}],"curies":[{"name":"wp","href":"https:\/\/api.w.org\/{rel}","templated":true}]}}