{"id":11,"date":"2015-05-28T09:42:41","date_gmt":"2015-05-28T09:42:41","guid":{"rendered":"http:\/\/dev.redland.fi\/kuntoutussaatio\/?page_id=11"},"modified":"2017-02-16T16:50:34","modified_gmt":"2017-02-16T14:50:34","slug":"yhteystiedot","status":"publish","type":"page","link":"https:\/\/hankkeet.kuntoutussaatio.fi\/liikuntajaosallisuus\/yhteystiedot\/","title":{"rendered":"Yhteystiedot"},"content":{"rendered":"<p><strong>Kuntoutuss\u00e4\u00e4ti\u00f6<\/strong><\/p>\n<p>Projektikoordinaattori Mari Ruuth<br \/>\np. 044 781 3181<br \/>\nmari.ruuth@kuntoutussaatio.fi<\/p>\n<p>Yhteysp\u00e4\u00e4llikk\u00f6 Mika Ala-Kauhaluoma<br \/>\np. 044 781 3096<br \/>\nmika.ala-kauhaluoma@kuntoutussaatio.fi<\/p>\n<p><strong>Allergia- ja Astmaliitto ry<\/strong><\/p>\n<p>Aluep\u00e4\u00e4llikk\u00f6 Hannele Kiviranta<br \/>\np. 040 525 9055<br \/>\n<a href=\"mailto:lansisuomi@allergia.fi\">lansisuomi@allergia.fi<\/a><\/p>\n<p><strong>Neuroliitto ry<\/strong><\/p>\n<p>Erikoissuunnittelija Riitta Samst\u00e9n<br \/>\np. 0400 828 536<br \/>\nriitta.samsten@neuroliitto.fi<\/p>\n","protected":false},"excerpt":{"rendered":"<p class=\"excerpt\">Kuntoutuss\u00e4\u00e4ti\u00f6 Projektikoordinaattori Mari Ruuth p. 044 781 3181 mari.ruuth@kuntoutussaatio.fi Yhteysp\u00e4\u00e4llikk\u00f6 Mika Ala-Kauhaluoma p. 044 781 3096 mika.ala-kauhaluoma@kuntoutussaatio.fi Allergia- ja Astmaliitto ry Aluep\u00e4\u00e4llikk\u00f6 Hannele Kiviranta p. 040 525 9055 lansisuomi@allergia.fi Neuroliitto ry Erikoissuunnittelija Riitta Samst\u00e9n p. 0400 828 536 riitta.samsten@neuroliitto.fi<\/p>\n","protected":false},"author":1,"featured_media":0,"parent":0,"menu_order":0,"comment_status":"open","ping_status":"open","template":"","meta":[],"_links":{"self":[{"href":"https:\/\/hankkeet.kuntoutussaatio.fi\/liikuntajaosallisuus\/wp-json\/wp\/v2\/pages\/11"}],"collection":[{"href":"https:\/\/hankkeet.kuntoutussaatio.fi\/liikuntajaosallisuus\/wp-json\/wp\/v2\/pages"}],"about":[{"href":"https:\/\/hankkeet.kuntoutussaatio.fi\/liikuntajaosallisuus\/wp-json\/wp\/v2\/types\/page"}],"author":[{"embeddable":true,"href":"https:\/\/hankkeet.kuntoutussaatio.fi\/liikuntajaosallisuus\/wp-json\/wp\/v2\/users\/1"}],"replies":[{"embeddable":true,"href":"https:\/\/hankkeet.kuntoutussaatio.fi\/liikuntajaosallisuus\/wp-json\/wp\/v2\/comments?post=11"}],"version-history":[{"count":3,"href":"https:\/\/hankkeet.kuntoutussaatio.fi\/liikuntajaosallisuus\/wp-json\/wp\/v2\/pages\/11\/revisions"}],"predecessor-version":[{"id":651,"href":"https:\/\/hankkeet.kuntoutussaatio.fi\/liikuntajaosallisuus\/wp-json\/wp\/v2\/pages\/11\/revisions\/651"}],"wp:attachment":[{"href":"https:\/\/hankkeet.kuntoutussaatio.fi\/liikuntajaosallisuus\/wp-json\/wp\/v2\/media?parent=11"}],"curies":[{"name":"wp","href":"https:\/\/api.w.org\/{rel}","templated":true}]}}