{"id":222,"date":"2015-12-07T10:19:58","date_gmt":"2015-12-07T08:19:58","guid":{"rendered":"http:\/\/hankkeet.kuntoutussaatio.fi\/liikuntajaosallisuus\/?page_id=222"},"modified":"2015-12-21T10:25:14","modified_gmt":"2015-12-21T08:25:14","slug":"hanke-mediassa-2","status":"publish","type":"page","link":"https:\/\/hankkeet.kuntoutussaatio.fi\/liikuntajaosallisuus\/hanke-mediassa-2\/","title":{"rendered":"Hanke mediassa"},"content":{"rendered":"<p>Alle on koottu Liikunta ja osallisuus -hanketta koskevia uutisointeja ja muita kirjoituksia.<\/p>\n<p>Neuroliiton Avain-lehti 6\/2015<br \/>\n<a href=\"http:\/\/hankkeet.kuntoutussaatio.fi\/liikuntajaosallisuus\/wp-content\/uploads\/sites\/2\/2015\/12\/Neuroliiton-Avain-lehti-6_2015.pdf\">Lis\u00e4\u00e4 osallisuutta liikunnan avulla<\/a><\/p>\n<p>Kuntoutuss\u00e4\u00e4ti\u00f6n verkkosivut 1.12.2015<br \/>\n<a href=\"http:\/\/www.kuntoutussaatio.fi\/tutkimus_ja_kehittaminen\/kuntoutussaation_selvitys_kaikille_avoin_liikunta_lisaa_osallisuuden_kokemuksia.2714.news\">Kuntoutuss\u00e4\u00e4ti\u00f6n selvitys: Kaikille avoin liikunta lis\u00e4\u00e4 osallisuuden kokemuksia<\/a><\/p>\n<p>Allergia- ja astmaliiton Allergia&amp;Astma-lehti 5\/2015<br \/>\n<a href=\"http:\/\/hankkeet.kuntoutussaatio.fi\/liikuntajaosallisuus\/wp-content\/uploads\/sites\/2\/2015\/12\/AstmaAllergia-5_2015.pdf\">Kuntoutuss\u00e4\u00e4ti\u00f6n hankkeessa lis\u00e4t\u00e4\u00e4n osallisuutta liikunnan avulla<\/a><\/p>\n","protected":false},"excerpt":{"rendered":"<p class=\"excerpt\">Alle on koottu Liikunta ja osallisuus -hanketta koskevia uutisointeja ja muita kirjoituksia. Neuroliiton Avain-lehti 6\/2015 Lis\u00e4\u00e4 osallisuutta liikunnan avulla Kuntoutuss\u00e4\u00e4ti\u00f6n verkkosivut 1.12.2015 Kuntoutuss\u00e4\u00e4ti\u00f6n selvitys: Kaikille avoin liikunta lis\u00e4\u00e4 osallisuuden kokemuksia Allergia- ja astmaliiton Allergia&amp;Astma-lehti 5\/2015 Kuntoutuss\u00e4\u00e4ti\u00f6n hankkeessa lis\u00e4t\u00e4\u00e4n osallisuutta liikunnan [&hellip;]<\/p>\n","protected":false},"author":6,"featured_media":0,"parent":0,"menu_order":0,"comment_status":"open","ping_status":"open","template":"","meta":[],"_links":{"self":[{"href":"https:\/\/hankkeet.kuntoutussaatio.fi\/liikuntajaosallisuus\/wp-json\/wp\/v2\/pages\/222"}],"collection":[{"href":"https:\/\/hankkeet.kuntoutussaatio.fi\/liikuntajaosallisuus\/wp-json\/wp\/v2\/pages"}],"about":[{"href":"https:\/\/hankkeet.kuntoutussaatio.fi\/liikuntajaosallisuus\/wp-json\/wp\/v2\/types\/page"}],"author":[{"embeddable":true,"href":"https:\/\/hankkeet.kuntoutussaatio.fi\/liikuntajaosallisuus\/wp-json\/wp\/v2\/users\/6"}],"replies":[{"embeddable":true,"href":"https:\/\/hankkeet.kuntoutussaatio.fi\/liikuntajaosallisuus\/wp-json\/wp\/v2\/comments?post=222"}],"version-history":[{"count":2,"href":"https:\/\/hankkeet.kuntoutussaatio.fi\/liikuntajaosallisuus\/wp-json\/wp\/v2\/pages\/222\/revisions"}],"predecessor-version":[{"id":247,"href":"https:\/\/hankkeet.kuntoutussaatio.fi\/liikuntajaosallisuus\/wp-json\/wp\/v2\/pages\/222\/revisions\/247"}],"wp:attachment":[{"href":"https:\/\/hankkeet.kuntoutussaatio.fi\/liikuntajaosallisuus\/wp-json\/wp\/v2\/media?parent=222"}],"curies":[{"name":"wp","href":"https:\/\/api.w.org\/{rel}","templated":true}]}}