{"id":3,"date":"2015-05-28T09:38:35","date_gmt":"2015-05-28T09:38:35","guid":{"rendered":"http:\/\/dev.redland.fi\/kuntoutussaatio\/?page_id=3"},"modified":"2015-06-17T13:50:44","modified_gmt":"2015-06-17T10:50:44","slug":"tutustu-hankkeeseen","status":"publish","type":"page","link":"https:\/\/hankkeet.kuntoutussaatio.fi\/liikuntajaosallisuus\/tutustu-hankkeeseen\/","title":{"rendered":"Tutustu  hankkeeseen"},"content":{"rendered":"<p>Kuntoutuss\u00e4\u00e4ti\u00f6 toteuttaa Liikunta ja osallisuus -hankkeen vuosina 2015 &#8211; 2017. Hankkeen rahoittaa Raha-automaattiyhdistys (RAY). Hankkeen vaiheet on koottu alla olevaan kuvioon.\u00a0(<a href=\"http:\/\/hankkeet.kuntoutussaatio.fi\/liikuntajaosallisuus\/wp-content\/uploads\/sites\/2\/2015\/05\/Liikunta-ja-osallisuus-Hankkeen-vaiheet-Kaavio-2.pdf\">lataa kuvio pdf-muodossa<\/a>)<\/p>\n<p>Hankkeen p\u00e4\u00e4tavoitteena on pitk\u00e4aikaissairaiden ja liikuntavammaisten osallisuuden edist\u00e4minen ja sosiaalisen toimintakyvyn vahvistaminen erityisesti sosiaali- ja terveysalan j\u00e4rjest\u00f6jen j\u00e4senilleen tarjoamissa liikuntatoiminnoissa. T\u00e4m\u00e4 p\u00e4\u00e4tavoite jakautuu seuraaviin, kolmeen osatavoitteeseen.<\/p>\n<ol>\n<li>Tavoitteena on kartoittaa eri j\u00e4rjest\u00f6jen j\u00e4senilleen tarjoamia liikuntamahdollisuuksia ja sit\u00e4, miten osallisuus niiss\u00e4 toteutuu. Tavoitteena on tarkastella asiaa sek\u00e4 alueellisesti ett\u00e4 toiminnan j\u00e4rjest\u00e4j\u00e4n ja k\u00e4ytt\u00e4j\u00e4n n\u00e4k\u00f6kulmasta.<\/li>\n<li>Tavoitteena on my\u00f6s koota liikuntaa j\u00e4rjest\u00e4vien tahojen edustajia yhteisiin tilaisuuksiin, joissa esitell\u00e4\u00e4n olemassa olevia k\u00e4yt\u00e4nt\u00f6j\u00e4 sek\u00e4 hankkeen ty\u00f6pajoissa esiin nousseita ideoita, osallisuuden edist\u00e4misen keinoja sek\u00e4 eri toimijoiden yhteisty\u00f6n tuloksia.<\/li>\n<li>Tavoitteena on tuottaa tietoa ja konkreettisia kehitt\u00e4misehdotuksia j\u00e4rjest\u00f6jen tueksi ja j\u00e4senten kokonaisvaltaisen osallisuuden lis\u00e4\u00e4miseksi. Tavoitteena on n\u00e4in juurruttaa osallisuuden edist\u00e4misen n\u00e4k\u00f6kulma osaksi j\u00e4rjest\u00f6jen tarjoamia pysyvi\u00e4 liikunta- ja muita vapaa-ajan toimintoja.<\/li>\n<\/ol>\n<p><a href=\"http:\/\/hankkeet.kuntoutussaatio.fi\/liikuntajaosallisuus\/wp-content\/uploads\/sites\/2\/2015\/05\/Liikunta-ja-osallisuus-Hankkeen-vaiheet-Kaavio-2.png\"><img loading=\"lazy\" class=\"alignnone size-large wp-image-65\" src=\"http:\/\/hankkeet.kuntoutussaatio.fi\/liikuntajaosallisuus\/wp-content\/uploads\/sites\/2\/2015\/05\/Liikunta-ja-osallisuus-Hankkeen-vaiheet-Kaavio-2-696x1024.png\" alt=\"Liikunta-ja-osallisuus-Hankkeen-vaiheet-Kaavio-2\" width=\"696\" height=\"1024\" srcset=\"https:\/\/hankkeet.kuntoutussaatio.fi\/liikuntajaosallisuus\/wp-content\/uploads\/sites\/2\/2015\/05\/Liikunta-ja-osallisuus-Hankkeen-vaiheet-Kaavio-2-696x1024.png 696w, https:\/\/hankkeet.kuntoutussaatio.fi\/liikuntajaosallisuus\/wp-content\/uploads\/sites\/2\/2015\/05\/Liikunta-ja-osallisuus-Hankkeen-vaiheet-Kaavio-2-204x300.png 204w, https:\/\/hankkeet.kuntoutussaatio.fi\/liikuntajaosallisuus\/wp-content\/uploads\/sites\/2\/2015\/05\/Liikunta-ja-osallisuus-Hankkeen-vaiheet-Kaavio-2.png 720w\" sizes=\"(max-width: 696px) 100vw, 696px\" \/><\/a><\/p>\n","protected":false},"excerpt":{"rendered":"<p class=\"excerpt\">Kuntoutuss\u00e4\u00e4ti\u00f6 toteuttaa Liikunta ja osallisuus -hankkeen vuosina 2015 &#8211; 2017. Hankkeen rahoittaa Raha-automaattiyhdistys (RAY). Hankkeen vaiheet on koottu alla olevaan kuvioon.\u00a0(lataa kuvio pdf-muodossa) Hankkeen p\u00e4\u00e4tavoitteena on pitk\u00e4aikaissairaiden ja liikuntavammaisten osallisuuden edist\u00e4minen ja sosiaalisen toimintakyvyn vahvistaminen erityisesti sosiaali- ja terveysalan j\u00e4rjest\u00f6jen [&hellip;]<\/p>\n","protected":false},"author":1,"featured_media":0,"parent":0,"menu_order":0,"comment_status":"open","ping_status":"open","template":"","meta":[],"_links":{"self":[{"href":"https:\/\/hankkeet.kuntoutussaatio.fi\/liikuntajaosallisuus\/wp-json\/wp\/v2\/pages\/3"}],"collection":[{"href":"https:\/\/hankkeet.kuntoutussaatio.fi\/liikuntajaosallisuus\/wp-json\/wp\/v2\/pages"}],"about":[{"href":"https:\/\/hankkeet.kuntoutussaatio.fi\/liikuntajaosallisuus\/wp-json\/wp\/v2\/types\/page"}],"author":[{"embeddable":true,"href":"https:\/\/hankkeet.kuntoutussaatio.fi\/liikuntajaosallisuus\/wp-json\/wp\/v2\/users\/1"}],"replies":[{"embeddable":true,"href":"https:\/\/hankkeet.kuntoutussaatio.fi\/liikuntajaosallisuus\/wp-json\/wp\/v2\/comments?post=3"}],"version-history":[{"count":2,"href":"https:\/\/hankkeet.kuntoutussaatio.fi\/liikuntajaosallisuus\/wp-json\/wp\/v2\/pages\/3\/revisions"}],"predecessor-version":[{"id":70,"href":"https:\/\/hankkeet.kuntoutussaatio.fi\/liikuntajaosallisuus\/wp-json\/wp\/v2\/pages\/3\/revisions\/70"}],"wp:attachment":[{"href":"https:\/\/hankkeet.kuntoutussaatio.fi\/liikuntajaosallisuus\/wp-json\/wp\/v2\/media?parent=3"}],"curies":[{"name":"wp","href":"https:\/\/api.w.org\/{rel}","templated":true}]}}