{"id":5,"date":"2015-05-28T09:41:07","date_gmt":"2015-05-28T09:41:07","guid":{"rendered":"http:\/\/dev.redland.fi\/kuntoutussaatio\/?page_id=5"},"modified":"2019-11-28T09:10:40","modified_gmt":"2019-11-28T07:10:40","slug":"materiaalipankki","status":"publish","type":"page","link":"https:\/\/hankkeet.kuntoutussaatio.fi\/liikuntajaosallisuus\/materiaalipankki\/","title":{"rendered":"Materiaalipankki"},"content":{"rendered":"<p>T\u00e4\u00e4lt\u00e4 l\u00f6yd\u00e4t hankkeen materiaalit yhdest\u00e4 paikasta. Tutustu ja lue lis\u00e4\u00e4!<\/p>\n<h3>Liikunta ja osallisuus -hanke<\/h3>\n<p><a href=\"https:\/\/kuntoutussaatio.fi\/assets\/files\/2017\/04\/301181_Kuntoutussaatio_Liikunta_opas_B5_4-1.pdf\">Liikuntaa esteett\u00e4: Faktaa ja tarinoita -raportti<\/a><a href=\"http:\/\/hankkeet.kuntoutussaatio.fi\/liikuntajaosallisuus\/wp-content\/uploads\/sites\/2\/2015\/05\/Seminaarin_040417_-ohjelma_160217.pdf\"><br \/>\nLiikuntaa esteett\u00e4 -seminaarin ohjelma 4.4.2017<\/a><br \/>\n<a href=\"http:\/\/hankkeet.kuntoutussaatio.fi\/liikuntajaosallisuus\/wp-content\/uploads\/sites\/2\/2015\/05\/mari_blogi3.pdf\">Liikunta ja osallisuus -hankkeen kuulumisia 7.9.2016<\/a><a href=\"http:\/\/hankkeet.kuntoutussaatio.fi\/liikuntajaosallisuus\/wp-content\/uploads\/sites\/2\/2015\/05\/blogi_liikuntaseura_Final.pdf\"><br \/>\nLiikuntaseurakyselyn yhteenveto 19.8.2016<\/a><a href=\"http:\/\/hankkeet.kuntoutussaatio.fi\/liikuntajaosallisuus\/wp-content\/uploads\/sites\/2\/2015\/05\/Esite_Liikunta-ja-osallisuus.pdf\"><br \/>\nLiikunta ja osallisuus -esite (pdf)<\/a><br \/>\n<a href=\"http:\/\/www.kuntoutussaatio.fi\/files\/2130\/Liikunta_ja_osallisuus_tyoseloste_50.pdf\">Liikunnalla lis\u00e4\u00e4 osallisuutta. Selvitys soveltavan liikunnan ja osallisuuden edist\u00e4misen hyvist\u00e4 k\u00e4yt\u00e4nn\u00f6ist\u00e4. Kuntoutuss\u00e4\u00e4ti\u00f6n ty\u00f6selosteita 50\/2015 (pdf)<\/a><br \/>\n<a href=\"http:\/\/hankkeet.kuntoutussaatio.fi\/liikuntajaosallisuus\/wp-content\/uploads\/sites\/2\/2015\/05\/LO_tukiryhm\u00e4_161215.pdf\">Liikunta ja osallisuus -hankkeen tukiryhm\u00e4n kokouksessa 16.12.2015 esitetyt diat (pdf)<\/a><br \/>\n<a href=\"http:\/\/hankkeet.kuntoutussaatio.fi\/liikuntajaosallisuus\/materiaalipankki\/lo-tukiryhma_kokous_161216_final\/\" rel=\"attachment wp-att-665\">Liikunta ja Osallisuus -hankkeen tukiryhm\u00e4n kokouksessa 16.12.2016 esitetyt diat<\/a><\/p>\n<p>LIIKUNTAA ESTEETT\u00c4! -seminaarin alustukset 4.4.2017<br \/>\n<a href=\"http:\/\/hankkeet.kuntoutussaatio.fi\/liikuntajaosallisuus\/materiaalipankki\/liikunta-ja-osallisuus-hanke_040417-002\/\" rel=\"attachment wp-att-702\">Liikunta ja osallisuus -hanke_040417 (002)<\/a><br \/>\n<a href=\"http:\/\/hankkeet.kuntoutussaatio.fi\/liikuntajaosallisuus\/materiaalipankki\/paneelikeskustelu_040417\/\" rel=\"attachment wp-att-699\">Paneelikeskustelu_040417 (pdf)<br \/>\n<\/a><a href=\"http:\/\/hankkeet.kuntoutussaatio.fi\/liikuntajaosallisuus\/materiaalipankki\/soveltava_liikunta_vaasa_040417\/\" rel=\"attachment wp-att-700\">Soveltava_liikunta_Vaasa_040417 (pdf)<\/a><br \/>\n<a href=\"http:\/\/hankkeet.kuntoutussaatio.fi\/liikuntajaosallisuus\/materiaalipankki\/soveltava_liikunta_seinajoki_040417\/\" rel=\"attachment wp-att-703\">Soveltava_liikunta_Sein\u00e4joki_040417<\/a><\/p>\n<h3>Mikkelin materiaaleja<\/h3>\n<p><a href=\"http:\/\/hankkeet.kuntoutussaatio.fi\/liikuntajaosallisuus\/wp-content\/uploads\/sites\/2\/2015\/05\/Yhteisty\u00f6foorumi_Mikkeli_190516_Teht\u00e4v\u00e4koonti.pdf\">Mikkelin Yhteisty\u00f6foorumi 19.5.2016 Teht\u00e4v\u00e4koonti (pdf)<\/a><br \/>\n<a href=\"http:\/\/hankkeet.kuntoutussaatio.fi\/liikuntajaosallisuus\/wp-content\/uploads\/sites\/2\/2015\/05\/Ohjelma_Mikkeli_Yhteisty\u00f6foorumi_1905161.pdf\">Mikkelin Yhteisty\u00f6foorumin ohjelma 19.5.2016 (pdf)<\/a><a href=\"http:\/\/hankkeet.kuntoutussaatio.fi\/liikuntajaosallisuus\/wp-content\/uploads\/sites\/2\/2015\/05\/Kokousmuistio_030915_Mikkeli.pdf\"><br \/>\nMuistio Mikkelin yhteisty\u00f6kokouksesta 3.9.2015 (pdf)<\/a><br \/>\n<a href=\"http:\/\/hankkeet.kuntoutussaatio.fi\/liikuntajaosallisuus\/wp-content\/uploads\/sites\/2\/2015\/05\/Muistio_Mikkelin_j\u00e4senraadit_191015.pdf\">Muistio Mikkelin j\u00e4senraadeista 19.10.2015 (pdf)<\/a><br \/>\n<a href=\"http:\/\/hankkeet.kuntoutussaatio.fi\/liikuntajaosallisuus\/wp-content\/uploads\/sites\/2\/2015\/05\/Ohjelma_Mikkelin_Ty\u00f6paja_I.pdf\">Mikkelin Ty\u00f6pajan I ohjelma 1.12.2015 (pdf)<\/a><br \/>\n<a href=\"http:\/\/hankkeet.kuntoutussaatio.fi\/liikuntajaosallisuus\/wp-content\/uploads\/sites\/2\/2015\/05\/Ty\u00f6paja_I_Mikkeli_011215_Teht\u00e4v\u00e4koonti.pdf\">Mikkelin Ty\u00f6pajan I teht\u00e4v\u00e4koonti 1.12.2015 (pdf)<\/a><\/p>\n<h3>Sein\u00e4joen materiaaleja<\/h3>\n<p><a href=\"http:\/\/hankkeet.kuntoutussaatio.fi\/liikuntajaosallisuus\/wp-content\/uploads\/sites\/2\/2015\/05\/Yhteisty\u00f6foorumi_Sein\u00e4joki_270516_Teht\u00e4v\u00e4koonti.pdf\">Sein\u00e4joen Yhteisty\u00f6foorumi 27.5.2016_Teht\u00e4v\u00e4koonti (pdf)<\/a><a href=\"http:\/\/hankkeet.kuntoutussaatio.fi\/liikuntajaosallisuus\/wp-content\/uploads\/sites\/2\/2015\/05\/Ohjelma_Sein\u00e4joki_Yhteisty\u00f6foorumi_270516-2.pdf\"><br \/>\nSein\u00e4joen Yhteisty\u00f6foorumin ohjelma 27.5.2016 (pdf)<\/a><a href=\"http:\/\/hankkeet.kuntoutussaatio.fi\/liikuntajaosallisuus\/wp-content\/uploads\/sites\/2\/2015\/05\/Kokousmuistio_070915_Sein\u00e4joki.pdf\"><br \/>\nMuistio Sein\u00e4joen yhteisty\u00f6kokouksesta 7.9.2015 (pdf)<\/a><br \/>\n<a href=\"http:\/\/hankkeet.kuntoutussaatio.fi\/liikuntajaosallisuus\/wp-content\/uploads\/sites\/2\/2015\/05\/Muistio_Sein\u00e4joen_j\u00e4senraadit_161115.pdf\">Muistio Sein\u00e4joen j\u00e4senraadeista 16.11.2015 (pdf)<\/a><br \/>\n<a href=\"http:\/\/hankkeet.kuntoutussaatio.fi\/liikuntajaosallisuus\/wp-content\/uploads\/sites\/2\/2015\/05\/Ohjelma_Sein\u00e4joen_Ty\u00f6paja_I.pdf\">Sein\u00e4joen Ty\u00f6pajan I ohjelma 4.12.2015 (pdf)<\/a><br \/>\n<a href=\"http:\/\/hankkeet.kuntoutussaatio.fi\/liikuntajaosallisuus\/wp-content\/uploads\/sites\/2\/2015\/05\/Ty\u00f6paja_I_Sein\u00e4joki_041215_Teht\u00e4v\u00e4koonti.pdf\">Sein\u00e4joen Ty\u00f6pajan I teht\u00e4v\u00e4koonti 4.12.2015 (pdf)<\/a><\/p>\n<h3><strong>Vaasan materiaaleja<\/strong><\/h3>\n<p><a href=\"http:\/\/hankkeet.kuntoutussaatio.fi\/liikuntajaosallisuus\/materiaalipankki\/vaasa_ideoinnit_2016-2017\/\" rel=\"attachment wp-att-741\">Vaasan tilaisuuksissa ideoitua_2016-2017<\/a><a href=\"http:\/\/hankkeet.kuntoutussaatio.fi\/liikuntajaosallisuus\/wp-content\/uploads\/sites\/2\/2015\/05\/Liikuntapolku_160916.pdf\"><br \/>\n<\/a><a href=\"http:\/\/hankkeet.kuntoutussaatio.fi\/liikuntajaosallisuus\/materiaalipankki\/vaasa_liikuntapolku_090217\/\" rel=\"attachment wp-att-742\">Vaasan liikuntapolun kuvaus 11\/2017<\/a><a href=\"http:\/\/hankkeet.kuntoutussaatio.fi\/liikuntajaosallisuus\/wp-content\/uploads\/sites\/2\/2015\/05\/Liikuntapolku_160916.pdf\"><br \/>\n<\/a><a href=\"http:\/\/hankkeet.kuntoutussaatio.fi\/liikuntajaosallisuus\/wp-content\/uploads\/sites\/2\/2015\/05\/Vaasa_Liikuntaryhm\u00e4t-16-9-2016.pdf\">Vaasa liikuntaryhmat-16.9.2016 (pdf)<\/a><a href=\"http:\/\/hankkeet.kuntoutussaatio.fi\/liikuntajaosallisuus\/wp-content\/uploads\/sites\/2\/2015\/05\/Liikuntapolku_160916.pdf\"><br \/>\n<\/a><a href=\"http:\/\/hankkeet.kuntoutussaatio.fi\/liikuntajaosallisuus\/wp-content\/uploads\/sites\/2\/2015\/05\/Vaasa_Tapahtumaideointi-16-9-2016.pdf\">Vaasan tapahtumaideointi 16.9.2016 (pdf)<\/a><a href=\"http:\/\/hankkeet.kuntoutussaatio.fi\/liikuntajaosallisuus\/wp-content\/uploads\/sites\/2\/2015\/05\/Liikuntapolku_160916.pdf\"><br \/>\n<\/a><a href=\"http:\/\/hankkeet.kuntoutussaatio.fi\/liikuntajaosallisuus\/wp-content\/uploads\/sites\/2\/2015\/05\/Muistio-Vaasan-yhteisty\u00f6kokouksesta-16.2.2016.pdf\">Muistio Vaasan yhteisty\u00f6kokouksesta 16.2.2016 (pdf)<\/a><\/p>\n<h3>Porin materiaaleja<\/h3>\n<p><a href=\"http:\/\/hankkeet.kuntoutussaatio.fi\/liikuntajaosallisuus\/materiaalipankki\/pori_ideoinnit_2016-2017\/\" rel=\"attachment wp-att-740\">Pori tilaisuuksissa ideoitua_2016-2017<\/a><a href=\"http:\/\/hankkeet.kuntoutussaatio.fi\/liikuntajaosallisuus\/wp-content\/uploads\/sites\/2\/2015\/05\/Ohjelma_Pori_Yhteisty\u00f6foorumi_110516.pdf\"><br \/>\nPorin Yhteisty\u00f6foorumin ohjelma 11.5.2016 (pdf)<br \/>\n<\/a><a href=\"http:\/\/hankkeet.kuntoutussaatio.fi\/liikuntajaosallisuus\/wp-content\/uploads\/sites\/2\/2015\/05\/Yhteisty\u00f6foorumi_Pori_110516_Teht\u00e4v\u00e4koonti.pdf\">Porin Yhteisty\u00f6foorumi 11.05.2016, Teht\u00e4v\u00e4koonti<\/a><a href=\"http:\/\/hankkeet.kuntoutussaatio.fi\/liikuntajaosallisuus\/wp-content\/uploads\/sites\/2\/2015\/05\/Ohjelma_Pori_Yhteisty\u00f6foorumi_110516.pdf\"> (pdf)<br \/>\n<\/a><a href=\"http:\/\/hankkeet.kuntoutussaatio.fi\/liikuntajaosallisuus\/wp-content\/uploads\/sites\/2\/2015\/05\/LO_Porin_j\u00e4senraati.pdf\">Muistio Porin j\u00e4senraadeista 30.3.2016 (pdf)<\/a><a href=\"http:\/\/hankkeet.kuntoutussaatio.fi\/liikuntajaosallisuus\/wp-content\/uploads\/sites\/2\/2015\/05\/Muistio_Sein\u00e4joen_j\u00e4senraadit_161115.pdf\"><br \/>\n<\/a><a href=\"http:\/\/hankkeet.kuntoutussaatio.fi\/liikuntajaosallisuus\/wp-content\/uploads\/sites\/2\/2015\/05\/Po\u0308yta\u0308kirja_15022016_Pori.pdf\">Muistio Porin yhteisty\u00f6kokouksesta 15.2.2016 (pdf)<br \/>\n<\/a><\/p>\n<h3>Muuta hankkeen teemaan liittyv\u00e4\u00e4<\/h3>\n<p><a href=\"http:\/\/neuroliikkuja.turkuamk.sofokus.com\/wp-content\/uploads\/sites\/10\/2016\/03\/tarinoita_web.pdf\">Tarinoita neuroliikunnasta<br \/>\n<\/a><a href=\"http:\/\/julkaisut.turkuamk.fi\/isbn9789522166067.pdf\">Neuroliikkujan liikuntapolut<\/a><br \/>\n<a href=\"http:\/\/hankkeet.kuntoutussaatio.fi\/liikuntajaosallisuus\/wp-content\/uploads\/sites\/2\/2015\/05\/160822102225_0001.pdf\">Artikkeli Sein\u00e4joen Sanomissa 17.8.2016<\/a><\/p>\n<p>Haastatteluja Erityisliikunnan symposiosta 2.6.2016:<br \/>\n<a href=\"https:\/\/www.youtube.com\/watch?v=FU2NPYDNMQo\">Yhdenvertaisuusvaltuutettu Kirsi Pimi\u00e4<\/a><br \/>\n<a href=\"https:\/\/www.youtube.com\/watch?v=Di2gT85WxkE\">Kuntaliiton erityisasiantuntija Kari Sj\u00f6holm<br \/>\nEduskunnan 2. varapuhemies Paula Risikko<\/a><\/p>\n","protected":false},"excerpt":{"rendered":"<p class=\"excerpt\">T\u00e4\u00e4lt\u00e4 l\u00f6yd\u00e4t hankkeen materiaalit yhdest\u00e4 paikasta. Tutustu ja lue lis\u00e4\u00e4! Liikunta ja osallisuus -hanke Liikuntaa esteett\u00e4: Faktaa ja tarinoita -raportti Liikuntaa esteett\u00e4 -seminaarin ohjelma 4.4.2017 Liikunta ja osallisuus -hankkeen kuulumisia 7.9.2016 Liikuntaseurakyselyn yhteenveto 19.8.2016 Liikunta ja osallisuus -esite (pdf) Liikunnalla [&hellip;]<\/p>\n","protected":false},"author":1,"featured_media":0,"parent":0,"menu_order":0,"comment_status":"open","ping_status":"open","template":"","meta":[],"_links":{"self":[{"href":"https:\/\/hankkeet.kuntoutussaatio.fi\/liikuntajaosallisuus\/wp-json\/wp\/v2\/pages\/5"}],"collection":[{"href":"https:\/\/hankkeet.kuntoutussaatio.fi\/liikuntajaosallisuus\/wp-json\/wp\/v2\/pages"}],"about":[{"href":"https:\/\/hankkeet.kuntoutussaatio.fi\/liikuntajaosallisuus\/wp-json\/wp\/v2\/types\/page"}],"author":[{"embeddable":true,"href":"https:\/\/hankkeet.kuntoutussaatio.fi\/liikuntajaosallisuus\/wp-json\/wp\/v2\/users\/1"}],"replies":[{"embeddable":true,"href":"https:\/\/hankkeet.kuntoutussaatio.fi\/liikuntajaosallisuus\/wp-json\/wp\/v2\/comments?post=5"}],"version-history":[{"count":5,"href":"https:\/\/hankkeet.kuntoutussaatio.fi\/liikuntajaosallisuus\/wp-json\/wp\/v2\/pages\/5\/revisions"}],"predecessor-version":[{"id":760,"href":"https:\/\/hankkeet.kuntoutussaatio.fi\/liikuntajaosallisuus\/wp-json\/wp\/v2\/pages\/5\/revisions\/760"}],"wp:attachment":[{"href":"https:\/\/hankkeet.kuntoutussaatio.fi\/liikuntajaosallisuus\/wp-json\/wp\/v2\/media?parent=5"}],"curies":[{"name":"wp","href":"https:\/\/api.w.org\/{rel}","templated":true}]}}