{"id":5,"date":"2015-06-08T16:59:38","date_gmt":"2015-06-08T13:59:38","guid":{"rendered":"http:\/\/hankkeet.kuntoutussaatio.fi\/spiral\/?page_id=5"},"modified":"2023-01-19T14:27:41","modified_gmt":"2023-01-19T12:27:41","slug":"muu-materiaali","status":"publish","type":"page","link":"https:\/\/hankkeet.kuntoutussaatio.fi\/spiral\/muu-materiaali\/","title":{"rendered":"Muu materiaali"},"content":{"rendered":"<h2>Julkaisut<\/h2>\n<p>Peltonen K, Niittym\u00e4ki K, Aro-Pulliainen P, Saarinen M ja Poutiainen E.\u00a0<a href=\"https:\/\/helda.helsinki.fi\/bitstream\/handle\/10138\/300011\/Kuntoutustakehittamassa6_saavutettava.pdf?sequence=4&amp;isAllowed=y\">SPIRAL-pelist\u00e4 vauhtia kuntoutuksen tavoitteenasetteluun (PDF).<\/a> Kansanel\u00e4kelaitos. Kuntoutusta kehitt\u00e4m\u00e4ss\u00e4 2019; (6).<\/p>\n<p>Aro-Pulliainen P, Peltonen K &amp; Salakka I.\u00a0SPIRAL-lautapeli helpottaa kuntoutustavoitteiden asettamista kielih\u00e4iri\u00f6isten kohderyhm\u00e4ss\u00e4. Puheterapia 2018; (4): 16\u201317.<\/p>\n<p>Koskinen H &amp; Niittym\u00e4ki\u00a0K.\u00a0<a href=\"https:\/\/finla.fi\/blogi\/spiral-peli-osana-ammatillista-kuntoutusta-finla-tyoterveys-mukana-kehittamishankkeessa\/\" target=\"_blank\" rel=\"noopener noreferrer\">SPIRAL-peli osana ammatillista kuntoutusta \u2013\u00a0Finla\u00a0Ty\u00f6terveys mukana kehitt\u00e4mishankkeessa<\/a>.\u00a0Finlan\u00a0blogi. P\u00e4ivitetty: 12.11.2018.<\/p>\n<p>Salakka I &amp; Peltonen K (2018)\u00a0<a href=\"https:\/\/kuntoutussaatio.fi\/2018\/08\/08\/spiral-pelin-kaytto-laajenee-uusiin-kohderyhmiin-kuvalliset-versiot-ilmestyneet\/\" target=\"_blank\" rel=\"noopener noreferrer\">SPIRAL-pelin k\u00e4ytt\u00f6 laajenee uusiin kohderyhmiin &#8211; kuvalliset versiot ilmestyneet<\/a>. Kuntoutuss\u00e4\u00e4ti\u00f6n tutkijablogi, 8.8.18.<\/p>\n<p>Peltonen K (2018). Asiakkaan \u00e4\u00e4ni kuntoutuksen tavoitteiden asettelussa \u2013 SPIRAL -menetelm\u00e4.\u00a0Seminaariesitys, Kuntoutusp\u00e4iv\u00e4t 7. \u2013 8.6.18.<\/p>\n<p>Pietil\u00e4 P &amp; Salakka I (2018) <a href=\"https:\/\/kuntoutussaatio.fi\/2018\/05\/18\/spiral-lautapelilla-asiakaslahtoisyytta-kuntoutustavoitteisiin\/\" target=\"_blank\" rel=\"noopener noreferrer\">SPIRAL -lautapelill\u00e4 asiakasl\u00e4ht\u00f6isyytt\u00e4 kuntoutustavoitteisiin<\/a>. Kuntoutusp\u00e4ivien blogi 2018, 21.5.18.<\/p>\n<p>Kielipolku-lehti. SPIRAL-lautapeli sopii kuntoutuksen tueksi. Turku: Aivoliitto ry:n julkaisuja. Kielipolku 2017; (4): 8.<\/p>\n<p>Stenberg J (2016) <a href=\"https:\/\/kuntoutussaatio.fi\/2016\/09\/14\/spiral-lautapeli-konkretisoi-kuntoutumistavoitteita\/\" target=\"_blank\" rel=\"noopener noreferrer\">SPIRAL-lautapeli konkretisoi kuntoutumistavoitteita<\/a><a href=\"https:\/\/kuntoutuksesta.wordpress.com\/2016\/03\/14\/uusia-valineita-kuntoutuskayttoon\/\">.<\/a> Vaikuttavaa kuntoutusta &#8211; Kuntoutuss\u00e4\u00e4ti\u00f6n tutkijoiden ja kehitt\u00e4jien blogi, 14.9.2016<\/p>\n<p>Poutiainen E, Stenberg J, Saarinen M, Niittym\u00e4ki K (2016). ICF-pohjaisen SPIRAL- lautapelin mahdollisuudet GAS-tavoitteiden konkretisoijana Kelan kuntoutuksessa (Tulevaisuus peliss\u00e4-hanke). Hankkeen loppuraportti.<\/p>\n<p>Stenberg J, Rantaniska V, Niittym\u00e4ki K, Saarinen M, Poutiainen E (2016) <a href=\"https:\/\/journal.fi\/kuntoutus\/article\/view\/113353\/66931\">SPIRAL-lautapeli kuntoutuksen tukena.<\/a> <em>Kuntoutus<\/em>\u00a039 (2), 21\u201335.<\/p>\n<p>Saarinen M, Stenberg J, Niittym\u00e4ki K,\u00a0Poutiainen E (2016) ICF-pohjainen SPIRAL-lautapeli lis\u00e4\u00e4 kuntoutuksen asiakasl\u00e4ht\u00f6isyytt\u00e4 autismikirjon nuorilla. <em>Autismi, <\/em>2, 35.<\/p>\n<p>Niittym\u00e4ki K,\u00a0Stenberg J, Saarinen M, Poutiainen E (2016) SPIRAL-lautapeli \u2013 k\u00e4yt\u00e4nn\u00f6n ty\u00f6kalu mielenterveyskuntoutukseen. <em>Kipunoita,<\/em> 1, 12\u201313.<\/p>\n<p>Stenberg J (2016)\u00a0<a href=\"https:\/\/kuntoutuksesta.wordpress.com\/2016\/03\/14\/uusia-valineita-kuntoutuskayttoon\/\">Uusia v\u00e4lineit\u00e4 kuntoutusk\u00e4ytt\u00f6\u00f6n.<\/a> Vaikuttavaa kuntoutusta &#8211; Kuntoutuss\u00e4\u00e4ti\u00f6n tutkijoiden ja kehitt\u00e4jien blogi, 14.3.2016<\/p>\n<p>Stenberg J, Rantaniska V, Niittym\u00e4ki K, Yli-Kaitala H, Poutiainen E &amp; Saarinen M (2016) ICF-luokitusj\u00e4rjestelm\u00e4n rooli terveydenhuollon asiakasty\u00f6ss\u00e4. <em>Kuntoutus<\/em>\u00a039 (1), 74\u201376.<\/p>\n<p>Koskinen J (2015) <a href=\"https:\/\/journal.fi\/kuntoutus\/article\/view\/125465\/75412\">Tulevaisuus peliss\u00e4: ICF-pohjainen lautapeli kuntoutuksen suunnann\u00e4ytt\u00e4j\u00e4n\u00e4.<\/a> <em>Kuntoutus<\/em>, 38 (2): 66\u201370.<\/p>\n<p>Niittym\u00e4ki K (2013)\u00a0<em>Spiral \u2013 kuntoutuksen spiraali: ICF-pohjainen lautapeli mielenterveyskuntoutukseen<\/em>. Pori: Satakunnan Ammattikorkeakoulu, opinn\u00e4ytety\u00f6.<\/p>\n<h2>Linkkej\u00e4<\/h2>\n<p><a href=\"http:\/\/www.kuntoutussaatio.fi\/\" target=\"_blank\" rel=\"noopener noreferrer\">Kuntoutuss\u00e4\u00e4ti\u00f6<\/a><\/p>\n<p><a href=\"https:\/\/www.aivoliitto.fi\/\" target=\"_blank\" rel=\"noopener noreferrer\">Aivoliitto<\/a><\/p>\n<p><a href=\"https:\/\/finla.fi\/\" target=\"_blank\" rel=\"noopener noreferrer\">Finla Ty\u00f6terveys<\/a><\/p>\n<p><a href=\"http:\/\/www.lastenkuntoutus.net\/\" target=\"_blank\" rel=\"noopener noreferrer\">MLL:n Lasten ja Nuorten Kuntoutuss\u00e4\u00e4ti\u00f6<\/a><\/p>\n<p><a href=\"http:\/\/www.ehtookoto.fi\/palvelut-hoivapalvelu\/mielenterveyspalvelut\/\" target=\"_blank\" rel=\"noopener noreferrer\">Lemp\u00e4\u00e4l\u00e4n Ehtookodon mielenterveyspalvelut<\/a><\/p>\n<p><a href=\"https:\/\/www.mielenterveystalo.fi\/\" target=\"_blank\" rel=\"noopener noreferrer\">Mielenterveystalo.fi<\/a><\/p>\n<p>&nbsp;<\/p>\n<h2><strong>Spiral-aiheisia lopput\u00f6it\u00e4 ja kirjoituksia<\/strong><\/h2>\n<p>Spiral-lautapelist\u00e4 on my\u00f6s kehitetty versiot neurologisille kuntoutujille sek\u00e4 toimintaterapeuttien k\u00e4ytt\u00f6\u00f6n. N\u00e4m\u00e4 versiot on kehitetty erillisin\u00e4 lopput\u00f6in\u00e4 ja ne eiv\u00e4t liity Kuntoutuss\u00e4\u00e4ti\u00f6n toteuttamiin ja Kelan rahoittamiin Spiral-hankkeisiin. N\u00e4m\u00e4 peliversiot antavat kuitenkin mahdollisuuden kokeilla Spiral-menetelm\u00e4n k\u00e4ytt\u00f6\u00e4 my\u00f6s sellaisten kohderyhmien kanssa, joille ei Tulevaisuus peliss\u00e4 tai Spiral-pelin uudet muodot -hankkeissa ole kehitetty omaa versiota. Kyseiset Spiral-versiot ovat tulostettavissa alta.<\/p>\n<p>Puumalainen T (2017). <a href=\"http:\/\/www.theseus.fi\/bitstream\/handle\/10024\/133942\/Puumalainen_Tuulia.pdf?sequence=1&amp;isAllowed=y\" target=\"_blank\" rel=\"noopener noreferrer\">Toiminta peliss\u00e4. Spiral-lautapeli toiminnallisuuden kuvaajana (PDF).<\/a> Opinn\u00e4ytety\u00f6. Jyv\u00e4skyl\u00e4n ammattikorkeakoulu.<\/p>\n<p>Smolander E (2017). Spiral<a href=\"https:\/\/kuntoutuksenkiihdyttajat.wordpress.com\/2017\/06\/01\/spiral-pelin-kehittamisesta-neurologiselle-asiakasryhmalle\/\" target=\"_blank\" rel=\"noopener noreferrer\">\u00a0-pelin kehitt\u00e4misest\u00e4 neurologiselle asiakasryhm\u00e4lle.<\/a> Blogiteksti. Kuntoutuksen kiihdytt\u00e4j\u00e4t, Kuntoutuss\u00e4\u00e4ti\u00f6.<\/p>\n<p>Smolander E (2017).\u00a0<a href=\"http:\/\/hankkeet.kuntoutussaatio.fi\/spiral\/wp-content\/uploads\/sites\/5\/2015\/06\/Kysymyskortit-neurologiselle-asiakasryhm\u00e4lle_Smolander2017.pdf\" target=\"_blank\" rel=\"noopener noreferrer\">Kysymyskortit neurologiselle asiakasryhm\u00e4lle (PDF)<\/a><\/p>\n<p>Smolander E (2017).\u00a0<a href=\"http:\/\/hankkeet.kuntoutussaatio.fi\/spiral\/wp-content\/uploads\/sites\/5\/2015\/06\/Teht\u00e4v\u00e4kortit-neurologiselle-asiakasryhm\u00e4lle_Smolander2017.pdf\" target=\"_blank\" rel=\"noopener noreferrer\">Teht\u00e4v\u00e4kortit neurologiselle asiakasryhm\u00e4lle (PDF)<\/a><\/p>\n<p>Smolander E (2017).\u00a0<a href=\"http:\/\/hankkeet.kuntoutussaatio.fi\/spiral\/wp-content\/uploads\/sites\/5\/2015\/06\/Vastauslomake-neurologiselle-asiakasryhm\u00e4lle_Smolander2017.pdf\" target=\"_blank\" rel=\"noopener noreferrer\">Vastauslomake neurologiselle asiakasryhm\u00e4lle (PDF)<\/a><\/p>\n<p>Smolander E (2017). <a href=\"http:\/\/hankkeet.kuntoutussaatio.fi\/spiral\/wp-content\/uploads\/sites\/5\/2015\/06\/Kysymyksiin-liittyv\u00e4-ICF-luokitus-neurologisille-kuntoutujille_Smolander2017.pdf\" target=\"_blank\" rel=\"noopener noreferrer\">Kysymyksiin liittyv\u00e4 ICF-luokitus neurologiselle asiakasrym\u00e4lle (PDF)<\/a><\/p>\n","protected":false},"excerpt":{"rendered":"<p class=\"excerpt\">Julkaisut Peltonen K, Niittym\u00e4ki K, Aro-Pulliainen P, Saarinen M ja Poutiainen E.\u00a0SPIRAL-pelist\u00e4 vauhtia kuntoutuksen tavoitteenasetteluun (PDF). Kansanel\u00e4kelaitos. Kuntoutusta kehitt\u00e4m\u00e4ss\u00e4 2019; (6). Aro-Pulliainen P, Peltonen K &amp; Salakka I.\u00a0SPIRAL-lautapeli helpottaa kuntoutustavoitteiden asettamista kielih\u00e4iri\u00f6isten kohderyhm\u00e4ss\u00e4. Puheterapia 2018; (4): 16\u201317. Koskinen H &amp; [&hellip;]<\/p>\n","protected":false},"author":1,"featured_media":0,"parent":0,"menu_order":0,"comment_status":"open","ping_status":"open","template":"","meta":[],"_links":{"self":[{"href":"https:\/\/hankkeet.kuntoutussaatio.fi\/spiral\/wp-json\/wp\/v2\/pages\/5"}],"collection":[{"href":"https:\/\/hankkeet.kuntoutussaatio.fi\/spiral\/wp-json\/wp\/v2\/pages"}],"about":[{"href":"https:\/\/hankkeet.kuntoutussaatio.fi\/spiral\/wp-json\/wp\/v2\/types\/page"}],"author":[{"embeddable":true,"href":"https:\/\/hankkeet.kuntoutussaatio.fi\/spiral\/wp-json\/wp\/v2\/users\/1"}],"replies":[{"embeddable":true,"href":"https:\/\/hankkeet.kuntoutussaatio.fi\/spiral\/wp-json\/wp\/v2\/comments?post=5"}],"version-history":[{"count":4,"href":"https:\/\/hankkeet.kuntoutussaatio.fi\/spiral\/wp-json\/wp\/v2\/pages\/5\/revisions"}],"predecessor-version":[{"id":941,"href":"https:\/\/hankkeet.kuntoutussaatio.fi\/spiral\/wp-json\/wp\/v2\/pages\/5\/revisions\/941"}],"wp:attachment":[{"href":"https:\/\/hankkeet.kuntoutussaatio.fi\/spiral\/wp-json\/wp\/v2\/media?parent=5"}],"curies":[{"name":"wp","href":"https:\/\/api.w.org\/{rel}","templated":true}]}}